{"id":21,"date":"2023-11-11T05:22:08","date_gmt":"2023-11-11T05:22:08","guid":{"rendered":"https:\/\/gmnzdigital.com.br\/amazonface\/?page_id=21"},"modified":"2023-11-30T03:26:15","modified_gmt":"2023-11-30T03:26:15","slug":"tecnologia-face","status":"publish","type":"page","link":"https:\/\/gmnzdigital.com.br\/amazonface\/tecnologia-face\/","title":{"rendered":"Tecnologia FACE"},"content":{"rendered":"\t\t<div data-elementor-type=\"wp-page\" data-elementor-id=\"21\" class=\"elementor elementor-21\" data-elementor-post-type=\"page\">\n\t\t\t\t<div class=\"elementor-element elementor-element-45d291b identifica e-flex e-con-boxed e-con e-parent\" data-id=\"45d291b\" data-element_type=\"container\" data-settings=\"{&quot;background_background&quot;:&quot;classic&quot;,&quot;shape_divider_bottom&quot;:&quot;opacity-tilt&quot;}\">\n\t\t\t\t\t<div class=\"e-con-inner\">\n\t\t\t\t<div class=\"elementor-shape elementor-shape-bottom\" aria-hidden=\"true\" data-negative=\"false\">\n\t\t\t<svg xmlns=\"http:\/\/www.w3.org\/2000\/svg\" viewBox=\"0 0 2600 131.1\" preserveAspectRatio=\"none\">\n\t<path class=\"elementor-shape-fill\" d=\"M0 0L2600 0 2600 69.1 0 0z\"\/>\n\t<path class=\"elementor-shape-fill\" style=\"opacity:0.5\" d=\"M0 0L2600 0 2600 69.1 0 69.1z\"\/>\n\t<path class=\"elementor-shape-fill\" style=\"opacity:0.25\" d=\"M2600 0L0 0 0 130.1 2600 69.1z\"\/>\n<\/svg>\t\t<\/div>\n\t\t\t\t\t<\/div>\n\t\t\t\t<\/div>\n\t\t<div class=\"elementor-element elementor-element-9689995 e-flex e-con-boxed e-con e-parent\" data-id=\"9689995\" data-element_type=\"container\" data-settings=\"{&quot;background_background&quot;:&quot;classic&quot;}\">\n\t\t\t\t\t<div class=\"e-con-inner\">\n\t\t\t\t<div class=\"elementor-element elementor-element-e79181d elementor-widget elementor-widget-heading\" data-id=\"e79181d\" data-element_type=\"widget\" data-widget_type=\"heading.default\">\n\t\t\t\t<div class=\"elementor-widget-container\">\n\t\t\t\t\t<h1 class=\"elementor-heading-title elementor-size-default\">Tecnologia FACE<\/h1>\t\t\t\t<\/div>\n\t\t\t\t<\/div>\n\t\t\t\t<div class=\"elementor-element elementor-element-af2c5fb elementor-widget elementor-widget-heading\" data-id=\"af2c5fb\" data-element_type=\"widget\" data-widget_type=\"heading.default\">\n\t\t\t\t<div class=\"elementor-widget-container\">\n\t\t\t\t\t<h2 class=\"elementor-heading-title elementor-size-default\">Experimento FACE implementado em uma floresta tropical, com alta biodiversidade.<\/h2>\t\t\t\t<\/div>\n\t\t\t\t<\/div>\n\t\t\t\t\t<\/div>\n\t\t\t\t<\/div>\n\t\t<div class=\"elementor-element elementor-element-26ffe2f e-flex e-con-boxed e-con e-parent\" data-id=\"26ffe2f\" data-element_type=\"container\">\n\t\t\t\t\t<div class=\"e-con-inner\">\n\t\t\t\t<div class=\"elementor-element elementor-element-6ec158c elementor-widget elementor-widget-jet-listing-dynamic-field\" data-id=\"6ec158c\" data-element_type=\"widget\" data-widget_type=\"jet-listing-dynamic-field.default\">\n\t\t\t\t<div class=\"elementor-widget-container\">\n\t\t\t\t\t<div class=\"jet-listing jet-listing-dynamic-field display-inline\"><div class=\"jet-listing-dynamic-field__inline-wrap\"><div class=\"jet-listing-dynamic-field__content\"><p>Esta tecnologia foi utilizada no Oak Ridge National Laboratory FACE e no Duke FACE, ambos em florestas temperadas nos EUA. Atualmente os experimentos EucFACE em Sydney na Austr\u00e1lia e e BiFor-FACE em Birmingham, Reino Unido tamb\u00e9m utilizam a tecnologia FACE. \u00c9 a primeira vez que um experimento FACE \u00e9 implementado em uma floresta tropical, com alta biodiversidade.<\/p>\n<p>Cada um dos an\u00e9is FACE \u00e9 composto por 16 torres dispostas de forma circular, ligadas a um tanque de armazenamento de CO\u2082 l\u00edquido, abrangindo uma \u00e1rea de floresta de 30m de di\u00e2metro e 35m de altura. A concentra\u00e7\u00e3o de CO\u2082 atmosf\u00e9rico pretendido dentro desta \u00e1rea da floresta \u00e9 mantida em 50% acima das concentra\u00e7\u00f5es atuais de CO\u2082 (~400 + 200 partes por milh\u00e3o de volume). Sensores computacionais controlam a libera\u00e7\u00e3o de ar enriquecido em CO\u2082 de acordo com a velocidade e dire\u00e7\u00e3o do vento. Cada um desses an\u00e9is FACE precisa ser rigorosamente monitorado e supervisionado de modo a capturar a resposta do ecossistema florestal ao est\u00edmulo de CO\u2082.<\/p>\n<p>O experimento AmazonFACE \u00e9 composto por 6 an\u00e9is FACE, sendo 3 deles tratamento, com atmosfera enriquecida em CO\u2082, e outros 3 an\u00e9is s\u00e3o controle, com a aspers\u00e3o de ar ambiente, isto \u00e9, sem aumento da concentra\u00e7\u00e3o atmosf\u00e9rica de CO\u2082.<\/p>\n<\/div><\/div><\/div>\t\t\t\t<\/div>\n\t\t\t\t<\/div>\n\t\t\t\t\t<\/div>\n\t\t\t\t<\/div>\n\t\t<div class=\"elementor-element elementor-element-22f87e8 e-flex e-con-boxed e-con e-parent\" data-id=\"22f87e8\" data-element_type=\"container\">\n\t\t\t\t\t<div class=\"e-con-inner\">\n\t\t\t\t<div class=\"elementor-element elementor-element-1d236b9 elementor-arrows-position-inside elementor-pagination-position-outside elementor-widget elementor-widget-image-carousel\" data-id=\"1d236b9\" data-element_type=\"widget\" data-settings=\"{&quot;slides_to_show&quot;:&quot;4&quot;,&quot;slides_to_scroll&quot;:&quot;4&quot;,&quot;image_spacing_custom&quot;:{&quot;unit&quot;:&quot;px&quot;,&quot;size&quot;:5,&quot;sizes&quot;:[]},&quot;navigation&quot;:&quot;both&quot;,&quot;autoplay&quot;:&quot;yes&quot;,&quot;pause_on_hover&quot;:&quot;yes&quot;,&quot;pause_on_interaction&quot;:&quot;yes&quot;,&quot;autoplay_speed&quot;:5000,&quot;infinite&quot;:&quot;yes&quot;,&quot;speed&quot;:500,&quot;image_spacing_custom_tablet&quot;:{&quot;unit&quot;:&quot;px&quot;,&quot;size&quot;:&quot;&quot;,&quot;sizes&quot;:[]},&quot;image_spacing_custom_mobile&quot;:{&quot;unit&quot;:&quot;px&quot;,&quot;size&quot;:&quot;&quot;,&quot;sizes&quot;:[]}}\" data-widget_type=\"image-carousel.default\">\n\t\t\t\t<div class=\"elementor-widget-container\">\n\t\t\t\t\t\t\t<div class=\"elementor-image-carousel-wrapper swiper\" role=\"region\" aria-roledescription=\"carousel\" aria-label=\"Carrossel de imagens\" dir=\"ltr\">\n\t\t\t<div class=\"elementor-image-carousel swiper-wrapper\" aria-live=\"off\">\n\t\t\t\t\t\t\t\t<div class=\"swiper-slide\" role=\"group\" aria-roledescription=\"slide\" aria-label=\"1 of 8\"><a data-elementor-open-lightbox=\"yes\" data-elementor-lightbox-slideshow=\"1d236b9\" data-elementor-lightbox-title=\"img-tecnologia-face\" data-e-action-hash=\"#elementor-action%3Aaction%3Dlightbox%26settings%3DeyJpZCI6MTM3MSwidXJsIjoiaHR0cHM6XC9cL2dtbnpkaWdpdGFsLmNvbS5iclwvYW1hem9uZmFjZVwvd3AtY29udGVudFwvdXBsb2Fkc1wvMjAyM1wvMTFcL2ltZy10ZWNub2xvZ2lhLWZhY2UuanBnIiwic2xpZGVzaG93IjoiMWQyMzZiOSJ9\" href=\"https:\/\/gmnzdigital.com.br\/amazonface\/wp-content\/uploads\/2023\/11\/img-tecnologia-face.jpg\"><figure class=\"swiper-slide-inner\"><img decoding=\"async\" class=\"swiper-slide-image\" src=\"https:\/\/gmnzdigital.com.br\/amazonface\/wp-content\/uploads\/2023\/11\/img-tecnologia-face-400x400.jpg\" alt=\"img-tecnologia-face\" \/><\/figure><\/a><\/div><div class=\"swiper-slide\" role=\"group\" aria-roledescription=\"slide\" aria-label=\"2 of 8\"><a data-elementor-open-lightbox=\"yes\" data-elementor-lightbox-slideshow=\"1d236b9\" data-elementor-lightbox-title=\"79310f10-eb4c-495f-a97c-0fc743e2b1b9\" data-e-action-hash=\"#elementor-action%3Aaction%3Dlightbox%26settings%3DeyJpZCI6NTM2LCJ1cmwiOiJodHRwczpcL1wvZ21uemRpZ2l0YWwuY29tLmJyXC9hbWF6b25mYWNlXC93cC1jb250ZW50XC91cGxvYWRzXC8yMDIzXC8xMVwvNzkzMTBmMTAtZWI0Yy00OTVmLWE5N2MtMGZjNzQzZTJiMWI5LmpwZWciLCJzbGlkZXNob3ciOiIxZDIzNmI5In0%3D\" href=\"https:\/\/gmnzdigital.com.br\/amazonface\/wp-content\/uploads\/2023\/11\/79310f10-eb4c-495f-a97c-0fc743e2b1b9.jpeg\"><figure class=\"swiper-slide-inner\"><img decoding=\"async\" class=\"swiper-slide-image\" src=\"https:\/\/gmnzdigital.com.br\/amazonface\/wp-content\/uploads\/2023\/11\/79310f10-eb4c-495f-a97c-0fc743e2b1b9-400x400.jpeg\" alt=\"79310f10-eb4c-495f-a97c-0fc743e2b1b9\" \/><\/figure><\/a><\/div><div class=\"swiper-slide\" role=\"group\" aria-roledescription=\"slide\" aria-label=\"3 of 8\"><a data-elementor-open-lightbox=\"yes\" data-elementor-lightbox-slideshow=\"1d236b9\" data-elementor-lightbox-title=\"simulacao-amazonface\" data-e-action-hash=\"#elementor-action%3Aaction%3Dlightbox%26settings%3DeyJpZCI6NTE1LCJ1cmwiOiJodHRwczpcL1wvZ21uemRpZ2l0YWwuY29tLmJyXC9hbWF6b25mYWNlXC93cC1jb250ZW50XC91cGxvYWRzXC8yMDIzXC8xMVwvc2ltdWxhY2FvLWFtYXpvbmZhY2UuanBnIiwic2xpZGVzaG93IjoiMWQyMzZiOSJ9\" href=\"https:\/\/gmnzdigital.com.br\/amazonface\/wp-content\/uploads\/2023\/11\/simulacao-amazonface.jpg\"><figure class=\"swiper-slide-inner\"><img decoding=\"async\" class=\"swiper-slide-image\" src=\"https:\/\/gmnzdigital.com.br\/amazonface\/wp-content\/uploads\/2023\/11\/simulacao-amazonface-400x400.jpg\" alt=\"simulacao-amazonface\" \/><\/figure><\/a><\/div><div class=\"swiper-slide\" role=\"group\" aria-roledescription=\"slide\" aria-label=\"4 of 8\"><a data-elementor-open-lightbox=\"yes\" data-elementor-lightbox-slideshow=\"1d236b9\" data-elementor-lightbox-title=\"Guindastes\" data-e-action-hash=\"#elementor-action%3Aaction%3Dlightbox%26settings%3DeyJpZCI6MTM2NCwidXJsIjoiaHR0cHM6XC9cL2dtbnpkaWdpdGFsLmNvbS5iclwvYW1hem9uZmFjZVwvd3AtY29udGVudFwvdXBsb2Fkc1wvMjAyM1wvMTFcL2ltZy10ZWNub2xvZ2lhLWZhY2UtMi5qcGciLCJzbGlkZXNob3ciOiIxZDIzNmI5In0%3D\" href=\"https:\/\/gmnzdigital.com.br\/amazonface\/wp-content\/uploads\/2023\/11\/img-tecnologia-face-2.jpg\"><figure class=\"swiper-slide-inner\"><img decoding=\"async\" class=\"swiper-slide-image\" src=\"https:\/\/gmnzdigital.com.br\/amazonface\/wp-content\/uploads\/2023\/11\/img-tecnologia-face-2-400x400.jpg\" alt=\"Guindastes\" \/><\/figure><\/a><\/div><div class=\"swiper-slide\" role=\"group\" aria-roledescription=\"slide\" aria-label=\"5 of 8\"><a data-elementor-open-lightbox=\"yes\" data-elementor-lightbox-slideshow=\"1d236b9\" data-elementor-lightbox-title=\"223\" data-e-action-hash=\"#elementor-action%3Aaction%3Dlightbox%26settings%3DeyJpZCI6MzkwLCJ1cmwiOiJodHRwczpcL1wvZ21uemRpZ2l0YWwuY29tLmJyXC9hbWF6b25mYWNlXC93cC1jb250ZW50XC91cGxvYWRzXC8yMDIzXC8xMVwvMjIzLnBuZyIsInNsaWRlc2hvdyI6IjFkMjM2YjkifQ%3D%3D\" href=\"https:\/\/gmnzdigital.com.br\/amazonface\/wp-content\/uploads\/2023\/11\/223.png\"><figure class=\"swiper-slide-inner\"><img decoding=\"async\" class=\"swiper-slide-image\" src=\"https:\/\/gmnzdigital.com.br\/amazonface\/wp-content\/uploads\/2023\/11\/223-400x400.png\" alt=\"223\" \/><\/figure><\/a><\/div><div class=\"swiper-slide\" role=\"group\" aria-roledescription=\"slide\" aria-label=\"6 of 8\"><a data-elementor-open-lightbox=\"yes\" data-elementor-lightbox-slideshow=\"1d236b9\" data-elementor-lightbox-title=\"225\" data-e-action-hash=\"#elementor-action%3Aaction%3Dlightbox%26settings%3DeyJpZCI6MzkxLCJ1cmwiOiJodHRwczpcL1wvZ21uemRpZ2l0YWwuY29tLmJyXC9hbWF6b25mYWNlXC93cC1jb250ZW50XC91cGxvYWRzXC8yMDIzXC8xMVwvMjI1LnBuZyIsInNsaWRlc2hvdyI6IjFkMjM2YjkifQ%3D%3D\" href=\"https:\/\/gmnzdigital.com.br\/amazonface\/wp-content\/uploads\/2023\/11\/225.png\"><figure class=\"swiper-slide-inner\"><img decoding=\"async\" class=\"swiper-slide-image\" src=\"https:\/\/gmnzdigital.com.br\/amazonface\/wp-content\/uploads\/2023\/11\/225-400x400.png\" alt=\"225\" \/><\/figure><\/a><\/div><div class=\"swiper-slide\" role=\"group\" aria-roledescription=\"slide\" aria-label=\"7 of 8\"><a data-elementor-open-lightbox=\"yes\" data-elementor-lightbox-slideshow=\"1d236b9\" data-elementor-lightbox-title=\"217\" data-e-action-hash=\"#elementor-action%3Aaction%3Dlightbox%26settings%3DeyJpZCI6Mzg2LCJ1cmwiOiJodHRwczpcL1wvZ21uemRpZ2l0YWwuY29tLmJyXC9hbWF6b25mYWNlXC93cC1jb250ZW50XC91cGxvYWRzXC8yMDIzXC8xMVwvMjE3LnBuZyIsInNsaWRlc2hvdyI6IjFkMjM2YjkifQ%3D%3D\" href=\"https:\/\/gmnzdigital.com.br\/amazonface\/wp-content\/uploads\/2023\/11\/217.png\"><figure class=\"swiper-slide-inner\"><img decoding=\"async\" class=\"swiper-slide-image\" src=\"https:\/\/gmnzdigital.com.br\/amazonface\/wp-content\/uploads\/2023\/11\/217-400x400.png\" alt=\"217\" \/><\/figure><\/a><\/div><div class=\"swiper-slide\" role=\"group\" aria-roledescription=\"slide\" aria-label=\"8 of 8\"><a data-elementor-open-lightbox=\"yes\" data-elementor-lightbox-slideshow=\"1d236b9\" data-elementor-lightbox-title=\"008\" data-e-action-hash=\"#elementor-action%3Aaction%3Dlightbox%26settings%3DeyJpZCI6MjE0LCJ1cmwiOiJodHRwczpcL1wvZ21uemRpZ2l0YWwuY29tLmJyXC9hbWF6b25mYWNlXC93cC1jb250ZW50XC91cGxvYWRzXC8yMDIzXC8xMVwvMDA4LnBuZyIsInNsaWRlc2hvdyI6IjFkMjM2YjkifQ%3D%3D\" href=\"https:\/\/gmnzdigital.com.br\/amazonface\/wp-content\/uploads\/2023\/11\/008.png\"><figure class=\"swiper-slide-inner\"><img decoding=\"async\" class=\"swiper-slide-image\" src=\"https:\/\/gmnzdigital.com.br\/amazonface\/wp-content\/uploads\/2023\/11\/008-400x400.png\" alt=\"008\" \/><\/figure><\/a><\/div>\t\t\t<\/div>\n\t\t\t\t\t\t\t\t\t\t\t\t<div class=\"elementor-swiper-button elementor-swiper-button-prev\" role=\"button\" tabindex=\"0\">\n\t\t\t\t\t\t<svg aria-hidden=\"true\" class=\"e-font-icon-svg e-eicon-chevron-left\" viewBox=\"0 0 1000 1000\" xmlns=\"http:\/\/www.w3.org\/2000\/svg\"><path d=\"M646 125C629 125 613 133 604 142L308 442C296 454 292 471 292 487 292 504 296 521 308 533L604 854C617 867 629 875 646 875 663 875 679 871 692 858 704 846 713 829 713 812 713 796 708 779 692 767L438 487 692 225C700 217 708 204 708 187 708 171 704 154 692 142 675 129 663 125 646 125Z\"><\/path><\/svg>\t\t\t\t\t<\/div>\n\t\t\t\t\t<div class=\"elementor-swiper-button elementor-swiper-button-next\" role=\"button\" tabindex=\"0\">\n\t\t\t\t\t\t<svg aria-hidden=\"true\" class=\"e-font-icon-svg e-eicon-chevron-right\" viewBox=\"0 0 1000 1000\" xmlns=\"http:\/\/www.w3.org\/2000\/svg\"><path d=\"M696 533C708 521 713 504 713 487 713 471 708 454 696 446L400 146C388 133 375 125 354 125 338 125 325 129 313 142 300 154 292 171 292 187 292 204 296 221 308 233L563 492 304 771C292 783 288 800 288 817 288 833 296 850 308 863 321 871 338 875 354 875 371 875 388 867 400 854L696 533Z\"><\/path><\/svg>\t\t\t\t\t<\/div>\n\t\t\t\t\n\t\t\t\t\t\t\t\t\t<div class=\"swiper-pagination\"><\/div>\n\t\t\t\t\t\t\t\t\t<\/div>\n\t\t\t\t\t\t<\/div>\n\t\t\t\t<\/div>\n\t\t\t\t\t<\/div>\n\t\t\t\t<\/div>\n\t\t<div class=\"elementor-element elementor-element-2d26f3e e-flex e-con-boxed e-con e-parent\" data-id=\"2d26f3e\" data-element_type=\"container\">\n\t\t\t\t\t<div class=\"e-con-inner\">\n\t\t\t\t<div class=\"elementor-element elementor-element-791902f elementor-widget__width-initial elementor-widget elementor-widget-jet-listing-dynamic-field\" data-id=\"791902f\" data-element_type=\"widget\" data-widget_type=\"jet-listing-dynamic-field.default\">\n\t\t\t\t<div class=\"elementor-widget-container\">\n\t\t\t\t\t<div class=\"jet-listing jet-listing-dynamic-field display-inline\"><div class=\"jet-listing-dynamic-field__inline-wrap\"><div class=\"jet-listing-dynamic-field__content\"><h3>Dura\u00e7\u00e3o<\/h3>\n<p>O experimento deve operar por aproximadamente 10 anos, pois embora seja poss\u00edvel verificar mudan\u00e7as em alguns processos ecol\u00f3gicos como por exemplo na taxa de fotoss\u00edntese, j\u00e1 nos primeiros dias de enriquecimento por CO\u2082, outros processos importantes, como crescimento dos troncos, \u00e9 lento e demandam tempo para se verificar uma poss\u00edvel rea\u00e7\u00e3o ao aumento do CO\u2082.<\/p>\n<h3>Guindastes<\/h3>\n<p>Cada um dos seis an\u00e9is FACE ter\u00e1 instalado ao seu lado um guindaste com 45m de altura. Al\u00e9m de ajudar na constru\u00e7\u00e3o das torres do sistema FACE, esses guindastes ter\u00e3o a fun\u00e7\u00e3o important\u00edssima de prover acesso \u00e0 copa das \u00e1rvores para realiza\u00e7\u00e3o de medi\u00e7\u00f5es e estudos pelos pesquisadores, tanto nos an\u00e9is FACE como nas \u00e1reas vizinhas a eles. Estes ser\u00e3o os \u00fanicos guindastes em opera\u00e7\u00e3o para fins de estudo do dossel florestal em toda a Amaz\u00f4nia.<\/p>\n<\/div><\/div><\/div>\t\t\t\t<\/div>\n\t\t\t\t<\/div>\n\t\t\t\t\t<\/div>\n\t\t\t\t<\/div>\n\t\t\t\t<\/div>\n\t\t","protected":false},"excerpt":{"rendered":"<p>Esta tecnologia foi utilizada no Oak Ridge National Laboratory FACE e no Duke FACE, ambos em florestas temperadas nos EUA. Atualmente os experimentos EucFACE em Sydney na Austr\u00e1lia e e BiFor-FACE em Birmingham, Reino Unido tamb\u00e9m utilizam a tecnologia FACE. \u00c9 a primeira vez que um experimento FACE \u00e9 implementado em uma floresta tropical, com [&hellip;]<\/p>\n","protected":false},"author":1,"featured_media":0,"parent":0,"menu_order":0,"comment_status":"closed","ping_status":"closed","template":"","meta":{"footnotes":""},"class_list":["post-21","page","type-page","status-publish","hentry"],"_links":{"self":[{"href":"https:\/\/gmnzdigital.com.br\/amazonface\/wp-json\/wp\/v2\/pages\/21","targetHints":{"allow":["GET"]}}],"collection":[{"href":"https:\/\/gmnzdigital.com.br\/amazonface\/wp-json\/wp\/v2\/pages"}],"about":[{"href":"https:\/\/gmnzdigital.com.br\/amazonface\/wp-json\/wp\/v2\/types\/page"}],"author":[{"embeddable":true,"href":"https:\/\/gmnzdigital.com.br\/amazonface\/wp-json\/wp\/v2\/users\/1"}],"replies":[{"embeddable":true,"href":"https:\/\/gmnzdigital.com.br\/amazonface\/wp-json\/wp\/v2\/comments?post=21"}],"version-history":[{"count":43,"href":"https:\/\/gmnzdigital.com.br\/amazonface\/wp-json\/wp\/v2\/pages\/21\/revisions"}],"predecessor-version":[{"id":1608,"href":"https:\/\/gmnzdigital.com.br\/amazonface\/wp-json\/wp\/v2\/pages\/21\/revisions\/1608"}],"wp:attachment":[{"href":"https:\/\/gmnzdigital.com.br\/amazonface\/wp-json\/wp\/v2\/media?parent=21"}],"curies":[{"name":"wp","href":"https:\/\/api.w.org\/{rel}","templated":true}]}}