{"id":24,"date":"2023-11-11T05:23:47","date_gmt":"2023-11-11T05:23:47","guid":{"rendered":"https:\/\/gmnzdigital.com.br\/amazonface\/?page_id=24"},"modified":"2023-11-26T22:53:14","modified_gmt":"2023-11-26T22:53:14","slug":"componentes-do-programa","status":"publish","type":"page","link":"https:\/\/gmnzdigital.com.br\/amazonface\/componentes-do-programa\/","title":{"rendered":"Componentes do Programa"},"content":{"rendered":"\t\t<div data-elementor-type=\"wp-page\" data-elementor-id=\"24\" class=\"elementor elementor-24\" data-elementor-post-type=\"page\">\n\t\t\t\t<div class=\"elementor-element elementor-element-9863a1e identifica e-flex e-con-boxed e-con e-parent\" data-id=\"9863a1e\" data-element_type=\"container\" data-settings=\"{&quot;background_background&quot;:&quot;classic&quot;,&quot;shape_divider_bottom&quot;:&quot;opacity-tilt&quot;}\">\n\t\t\t\t\t<div class=\"e-con-inner\">\n\t\t\t\t<div class=\"elementor-shape elementor-shape-bottom\" aria-hidden=\"true\" data-negative=\"false\">\n\t\t\t<svg xmlns=\"http:\/\/www.w3.org\/2000\/svg\" viewBox=\"0 0 2600 131.1\" preserveAspectRatio=\"none\">\n\t<path class=\"elementor-shape-fill\" d=\"M0 0L2600 0 2600 69.1 0 0z\"\/>\n\t<path class=\"elementor-shape-fill\" style=\"opacity:0.5\" d=\"M0 0L2600 0 2600 69.1 0 69.1z\"\/>\n\t<path class=\"elementor-shape-fill\" style=\"opacity:0.25\" d=\"M2600 0L0 0 0 130.1 2600 69.1z\"\/>\n<\/svg>\t\t<\/div>\n\t\t\t\t\t<\/div>\n\t\t\t\t<\/div>\n\t\t<div class=\"elementor-element elementor-element-48aba55 e-flex e-con-boxed e-con e-parent\" data-id=\"48aba55\" data-element_type=\"container\" data-settings=\"{&quot;background_background&quot;:&quot;classic&quot;}\">\n\t\t\t\t\t<div class=\"e-con-inner\">\n\t\t\t\t<div class=\"elementor-element elementor-element-e8e27cb elementor-widget elementor-widget-heading\" data-id=\"e8e27cb\" data-element_type=\"widget\" data-widget_type=\"heading.default\">\n\t\t\t\t<div class=\"elementor-widget-container\">\n\t\t\t\t\t<h1 class=\"elementor-heading-title elementor-size-default\">Componentes do Programa<\/h1>\t\t\t\t<\/div>\n\t\t\t\t<\/div>\n\t\t\t\t<div class=\"elementor-element elementor-element-c3207cc elementor-widget elementor-widget-heading\" data-id=\"c3207cc\" data-element_type=\"widget\" data-widget_type=\"heading.default\">\n\t\t\t\t<div class=\"elementor-widget-container\">\n\t\t\t\t\t<h2 class=\"elementor-heading-title elementor-size-default\">Estamos iniciando um experimento de alcance sem precedentes<\/h2>\t\t\t\t<\/div>\n\t\t\t\t<\/div>\n\t\t\t\t\t<\/div>\n\t\t\t\t<\/div>\n\t\t<div class=\"elementor-element elementor-element-cf7a9be e-flex e-con-boxed e-con e-parent\" data-id=\"cf7a9be\" data-element_type=\"container\">\n\t\t\t\t\t<div class=\"e-con-inner\">\n\t\t\t\t<div class=\"elementor-element elementor-element-902442e elementor-widget elementor-widget-jet-listing-dynamic-field\" data-id=\"902442e\" data-element_type=\"widget\" data-widget_type=\"jet-listing-dynamic-field.default\">\n\t\t\t\t<div class=\"elementor-widget-container\">\n\t\t\t\t\t<div class=\"jet-listing jet-listing-dynamic-field display-inline\"><div class=\"jet-listing-dynamic-field__inline-wrap\"><div class=\"jet-listing-dynamic-field__content\"><p>Como o aumento do CO\u2082 atmosf\u00e9rico afeta a Amaz\u00f4nia, a biodiversidade que ela abriga e os servi\u00e7os ambientais que ela prov\u00ea? Ao reconhecer que o aumento da concentra\u00e7\u00e3o de di\u00f3xido de carbono (CO\u2082) na atmosfera provavelmente alterar\u00e1 a resposta da floresta \u00e0s mudan\u00e7as clim\u00e1ticas, estamos iniciando um experimento de alcance sem precedentes que ir\u00e1 expor uma por\u00e7\u00e3o de floresta amaz\u00f4nica madura a uma concentra\u00e7\u00e3o de CO\u2082 elevada.<\/p>\n<\/div><\/div><\/div>\t\t\t\t<\/div>\n\t\t\t\t<\/div>\n\t\t\t\t\t<\/div>\n\t\t\t\t<\/div>\n\t\t<div class=\"elementor-element elementor-element-4ca63ca e-flex e-con-boxed e-con e-parent\" data-id=\"4ca63ca\" data-element_type=\"container\">\n\t\t\t\t\t<div class=\"e-con-inner\">\n\t\t\t\t<div class=\"elementor-element elementor-element-8ed72dd elementor-widget elementor-widget-jet-listing-grid\" data-id=\"8ed72dd\" data-element_type=\"widget\" data-settings=\"{&quot;columns&quot;:3}\" data-widget_type=\"jet-listing-grid.default\">\n\t\t\t\t<div class=\"elementor-widget-container\">\n\t\t\t\t\t<div class=\"jet-listing-grid jet-listing\"><div class=\"jet-listing-grid__items grid-col-desk-3 grid-col-tablet-3 grid-col-mobile-3 jet-listing-grid--1229 jet-equal-columns__wrapper\" data-queried-id=\"24|WP_Post\" data-cct-slug=\"listing_componentes\" data-nav=\"{&quot;enabled&quot;:false,&quot;type&quot;:null,&quot;more_el&quot;:null,&quot;query&quot;:[],&quot;widget_settings&quot;:{&quot;lisitng_id&quot;:1229,&quot;posts_num&quot;:20,&quot;columns&quot;:3,&quot;columns_tablet&quot;:3,&quot;columns_mobile&quot;:3,&quot;column_min_width&quot;:240,&quot;column_min_width_tablet&quot;:240,&quot;column_min_width_mobile&quot;:240,&quot;inline_columns_css&quot;:false,&quot;is_archive_template&quot;:&quot;&quot;,&quot;post_status&quot;:[&quot;publish&quot;],&quot;use_random_posts_num&quot;:&quot;&quot;,&quot;max_posts_num&quot;:9,&quot;not_found_message&quot;:&quot;No data was found&quot;,&quot;is_masonry&quot;:false,&quot;equal_columns_height&quot;:&quot;yes&quot;,&quot;use_load_more&quot;:&quot;&quot;,&quot;load_more_id&quot;:&quot;&quot;,&quot;load_more_type&quot;:&quot;click&quot;,&quot;load_more_offset&quot;:{&quot;unit&quot;:&quot;px&quot;,&quot;size&quot;:0,&quot;sizes&quot;:[]},&quot;use_custom_post_types&quot;:&quot;&quot;,&quot;custom_post_types&quot;:[],&quot;hide_widget_if&quot;:&quot;&quot;,&quot;carousel_enabled&quot;:&quot;&quot;,&quot;slides_to_scroll&quot;:&quot;1&quot;,&quot;arrows&quot;:&quot;true&quot;,&quot;arrow_icon&quot;:&quot;fa fa-angle-left&quot;,&quot;dots&quot;:&quot;&quot;,&quot;autoplay&quot;:&quot;true&quot;,&quot;pause_on_hover&quot;:&quot;true&quot;,&quot;autoplay_speed&quot;:5000,&quot;infinite&quot;:&quot;true&quot;,&quot;center_mode&quot;:&quot;&quot;,&quot;effect&quot;:&quot;slide&quot;,&quot;speed&quot;:500,&quot;inject_alternative_items&quot;:&quot;&quot;,&quot;injection_items&quot;:[],&quot;scroll_slider_enabled&quot;:&quot;&quot;,&quot;scroll_slider_on&quot;:[&quot;desktop&quot;,&quot;tablet&quot;,&quot;mobile&quot;],&quot;custom_query&quot;:false,&quot;custom_query_id&quot;:&quot;&quot;,&quot;_element_id&quot;:&quot;&quot;,&quot;collapse_first_last_gap&quot;:false,&quot;list_tag_selection&quot;:&quot;&quot;,&quot;list_items_wrapper_tag&quot;:&quot;div&quot;,&quot;list_item_tag&quot;:&quot;div&quot;,&quot;empty_items_wrapper_tag&quot;:&quot;div&quot;}}\" data-page=\"1\" data-pages=\"1\" data-listing-source=\"custom_content_type\" data-listing-id=\"1229\" data-query-id=\"\"><div class=\"jet-listing-grid__item jet-listing-dynamic-post-1 jet-equal-columns\" data-post-id=\"1\"  >\t\t<div data-elementor-type=\"jet-listing-items\" data-elementor-id=\"1229\" class=\"elementor elementor-1229\" data-elementor-post-type=\"jet-engine\">\n\t\t\t\t<div class=\"elementor-element elementor-element-0e8a30f e-flex e-con-boxed e-con e-parent\" data-id=\"0e8a30f\" data-element_type=\"container\" data-settings=\"{&quot;background_background&quot;:&quot;classic&quot;}\">\n\t\t\t\t\t<div class=\"e-con-inner\">\n\t\t\t\t<div class=\"elementor-element elementor-element-e860085 elementor-widget elementor-widget-jet-listing-dynamic-field\" data-id=\"e860085\" data-element_type=\"widget\" data-widget_type=\"jet-listing-dynamic-field.default\">\n\t\t\t\t<div class=\"elementor-widget-container\">\n\t\t\t\t\t<div class=\"jet-listing jet-listing-dynamic-field display-inline\"><div class=\"jet-listing-dynamic-field__inline-wrap\"><div class=\"jet-listing-dynamic-field__content\">Carbono<\/div><\/div><\/div>\t\t\t\t<\/div>\n\t\t\t\t<\/div>\n\t\t\t\t<div class=\"elementor-element elementor-element-e47ea82 elementor-widget elementor-widget-jet-listing-dynamic-image\" data-id=\"e47ea82\" data-element_type=\"widget\" data-widget_type=\"jet-listing-dynamic-image.default\">\n\t\t\t\t<div class=\"elementor-widget-container\">\n\t\t\t\t\t<div class=\"jet-listing jet-listing-dynamic-image\" ><img fetchpriority=\"high\" decoding=\"async\" width=\"1536\" height=\"1024\" src=\"https:\/\/gmnzdigital.com.br\/amazonface\/wp-content\/uploads\/2023\/11\/carbono.jpg\" class=\"jet-listing-dynamic-image__img attachment-full size-full\" alt=\"Componentes do programa - Carbono\" srcset=\"https:\/\/gmnzdigital.com.br\/amazonface\/wp-content\/uploads\/2023\/11\/carbono.jpg 1536w, https:\/\/gmnzdigital.com.br\/amazonface\/wp-content\/uploads\/2023\/11\/carbono-300x200.jpg 300w, https:\/\/gmnzdigital.com.br\/amazonface\/wp-content\/uploads\/2023\/11\/carbono-1024x683.jpg 1024w, https:\/\/gmnzdigital.com.br\/amazonface\/wp-content\/uploads\/2023\/11\/carbono-768x512.jpg 768w, https:\/\/gmnzdigital.com.br\/amazonface\/wp-content\/uploads\/2023\/11\/carbono-600x400.jpg 600w\" sizes=\"(max-width: 1536px) 100vw, 1536px\" loading=\"eager\" \/><\/div>\t\t\t\t<\/div>\n\t\t\t\t<\/div>\n\t\t\t\t<div class=\"elementor-element elementor-element-5cf8f8a elementor-widget elementor-widget-text-editor\" data-id=\"5cf8f8a\" data-element_type=\"widget\" data-widget_type=\"text-editor.default\">\n\t\t\t\t<div class=\"elementor-widget-container\">\n\t\t\t\t\t\t\t\t\tFluxos e armazenamento de carbono em diferentes tecidos vegetais, na serrapilheira e no solo.\t\t\t\t\t\t\t\t<\/div>\n\t\t\t\t<\/div>\n\t\t\t\t\t<\/div>\n\t\t\t\t<\/div>\n\t\t\t\t<\/div>\n\t\t<\/div><div class=\"jet-listing-grid__item jet-listing-dynamic-post-2 jet-equal-columns\" data-post-id=\"2\"  >\t\t<div data-elementor-type=\"jet-listing-items\" data-elementor-id=\"1229\" class=\"elementor elementor-1229\" data-elementor-post-type=\"jet-engine\">\n\t\t\t\t<div class=\"elementor-element elementor-element-0e8a30f e-flex e-con-boxed e-con e-parent\" data-id=\"0e8a30f\" data-element_type=\"container\" data-settings=\"{&quot;background_background&quot;:&quot;classic&quot;}\">\n\t\t\t\t\t<div class=\"e-con-inner\">\n\t\t\t\t<div class=\"elementor-element elementor-element-e860085 elementor-widget elementor-widget-jet-listing-dynamic-field\" data-id=\"e860085\" data-element_type=\"widget\" data-widget_type=\"jet-listing-dynamic-field.default\">\n\t\t\t\t<div class=\"elementor-widget-container\">\n\t\t\t\t\t<div class=\"jet-listing jet-listing-dynamic-field display-inline\"><div class=\"jet-listing-dynamic-field__inline-wrap\"><div class=\"jet-listing-dynamic-field__content\">Nutrientes<\/div><\/div><\/div>\t\t\t\t<\/div>\n\t\t\t\t<\/div>\n\t\t\t\t<div class=\"elementor-element elementor-element-e47ea82 elementor-widget elementor-widget-jet-listing-dynamic-image\" data-id=\"e47ea82\" data-element_type=\"widget\" data-widget_type=\"jet-listing-dynamic-image.default\">\n\t\t\t\t<div class=\"elementor-widget-container\">\n\t\t\t\t\t<div class=\"jet-listing jet-listing-dynamic-image\" ><img decoding=\"async\" width=\"600\" height=\"400\" src=\"https:\/\/gmnzdigital.com.br\/amazonface\/wp-content\/uploads\/2023\/11\/nutrientes.png\" class=\"jet-listing-dynamic-image__img attachment-full size-full\" alt=\"Componentes do programa - Nutrientes\" srcset=\"https:\/\/gmnzdigital.com.br\/amazonface\/wp-content\/uploads\/2023\/11\/nutrientes.png 600w, https:\/\/gmnzdigital.com.br\/amazonface\/wp-content\/uploads\/2023\/11\/nutrientes-300x200.png 300w\" sizes=\"(max-width: 600px) 100vw, 600px\" loading=\"eager\" \/><\/div>\t\t\t\t<\/div>\n\t\t\t\t<\/div>\n\t\t\t\t<div class=\"elementor-element elementor-element-5cf8f8a elementor-widget elementor-widget-text-editor\" data-id=\"5cf8f8a\" data-element_type=\"widget\" data-widget_type=\"text-editor.default\">\n\t\t\t\t<div class=\"elementor-widget-container\">\n\t\t\t\t\t\t\t\t\tCiclagem de nutrientes, sobretudo nitrog\u00eanio e f\u00f3sforo dentro dos an\u00e9is FACE e como a falta de f\u00f3sforo no solo pode limitar a resposta da floresta ao aumento de CO2.\t\t\t\t\t\t\t\t<\/div>\n\t\t\t\t<\/div>\n\t\t\t\t\t<\/div>\n\t\t\t\t<\/div>\n\t\t\t\t<\/div>\n\t\t<\/div><div class=\"jet-listing-grid__item jet-listing-dynamic-post-3 jet-equal-columns\" data-post-id=\"3\"  >\t\t<div data-elementor-type=\"jet-listing-items\" data-elementor-id=\"1229\" class=\"elementor elementor-1229\" data-elementor-post-type=\"jet-engine\">\n\t\t\t\t<div class=\"elementor-element elementor-element-0e8a30f e-flex e-con-boxed e-con e-parent\" data-id=\"0e8a30f\" data-element_type=\"container\" data-settings=\"{&quot;background_background&quot;:&quot;classic&quot;}\">\n\t\t\t\t\t<div class=\"e-con-inner\">\n\t\t\t\t<div class=\"elementor-element elementor-element-e860085 elementor-widget elementor-widget-jet-listing-dynamic-field\" data-id=\"e860085\" data-element_type=\"widget\" data-widget_type=\"jet-listing-dynamic-field.default\">\n\t\t\t\t<div class=\"elementor-widget-container\">\n\t\t\t\t\t<div class=\"jet-listing jet-listing-dynamic-field display-inline\"><div class=\"jet-listing-dynamic-field__inline-wrap\"><div class=\"jet-listing-dynamic-field__content\">\u00c1gua<\/div><\/div><\/div>\t\t\t\t<\/div>\n\t\t\t\t<\/div>\n\t\t\t\t<div class=\"elementor-element elementor-element-e47ea82 elementor-widget elementor-widget-jet-listing-dynamic-image\" data-id=\"e47ea82\" data-element_type=\"widget\" data-widget_type=\"jet-listing-dynamic-image.default\">\n\t\t\t\t<div class=\"elementor-widget-container\">\n\t\t\t\t\t<div class=\"jet-listing jet-listing-dynamic-image\" ><img decoding=\"async\" width=\"1536\" height=\"1024\" src=\"https:\/\/gmnzdigital.com.br\/amazonface\/wp-content\/uploads\/2023\/11\/agua.jpg\" class=\"jet-listing-dynamic-image__img attachment-full size-full\" alt=\"Componentes do programa - \u00c1gua\" srcset=\"https:\/\/gmnzdigital.com.br\/amazonface\/wp-content\/uploads\/2023\/11\/agua.jpg 1536w, https:\/\/gmnzdigital.com.br\/amazonface\/wp-content\/uploads\/2023\/11\/agua-300x200.jpg 300w, https:\/\/gmnzdigital.com.br\/amazonface\/wp-content\/uploads\/2023\/11\/agua-1024x683.jpg 1024w, https:\/\/gmnzdigital.com.br\/amazonface\/wp-content\/uploads\/2023\/11\/agua-768x512.jpg 768w, https:\/\/gmnzdigital.com.br\/amazonface\/wp-content\/uploads\/2023\/11\/agua-600x400.jpg 600w\" sizes=\"(max-width: 1536px) 100vw, 1536px\" loading=\"eager\" \/><\/div>\t\t\t\t<\/div>\n\t\t\t\t<\/div>\n\t\t\t\t<div class=\"elementor-element elementor-element-5cf8f8a elementor-widget elementor-widget-text-editor\" data-id=\"5cf8f8a\" data-element_type=\"widget\" data-widget_type=\"text-editor.default\">\n\t\t\t\t<div class=\"elementor-widget-container\">\n\t\t\t\t\t\t\t\t\tAumento de CO2 atmosf\u00e9rico pode afetar condut\u00e2ncia estom\u00e1tica e a transpira\u00e7\u00e3o das \u00e1rvores, alterando fluxo de umidade da floresta para a atmosfera.\t\t\t\t\t\t\t\t<\/div>\n\t\t\t\t<\/div>\n\t\t\t\t\t<\/div>\n\t\t\t\t<\/div>\n\t\t\t\t<\/div>\n\t\t<\/div><div class=\"jet-listing-grid__item jet-listing-dynamic-post-4 jet-equal-columns\" data-post-id=\"4\"  >\t\t<div data-elementor-type=\"jet-listing-items\" data-elementor-id=\"1229\" class=\"elementor elementor-1229\" data-elementor-post-type=\"jet-engine\">\n\t\t\t\t<div class=\"elementor-element elementor-element-0e8a30f e-flex e-con-boxed e-con e-parent\" data-id=\"0e8a30f\" data-element_type=\"container\" data-settings=\"{&quot;background_background&quot;:&quot;classic&quot;}\">\n\t\t\t\t\t<div class=\"e-con-inner\">\n\t\t\t\t<div class=\"elementor-element elementor-element-e860085 elementor-widget elementor-widget-jet-listing-dynamic-field\" data-id=\"e860085\" data-element_type=\"widget\" data-widget_type=\"jet-listing-dynamic-field.default\">\n\t\t\t\t<div class=\"elementor-widget-container\">\n\t\t\t\t\t<div class=\"jet-listing jet-listing-dynamic-field display-inline\"><div class=\"jet-listing-dynamic-field__inline-wrap\"><div class=\"jet-listing-dynamic-field__content\">Biodiversidade<\/div><\/div><\/div>\t\t\t\t<\/div>\n\t\t\t\t<\/div>\n\t\t\t\t<div class=\"elementor-element elementor-element-e47ea82 elementor-widget elementor-widget-jet-listing-dynamic-image\" data-id=\"e47ea82\" data-element_type=\"widget\" data-widget_type=\"jet-listing-dynamic-image.default\">\n\t\t\t\t<div class=\"elementor-widget-container\">\n\t\t\t\t\t<div class=\"jet-listing jet-listing-dynamic-image\" ><img decoding=\"async\" width=\"1536\" height=\"1024\" src=\"https:\/\/gmnzdigital.com.br\/amazonface\/wp-content\/uploads\/2023\/11\/Biodiversidade.jpg\" class=\"jet-listing-dynamic-image__img attachment-full size-full\" alt=\"Componentes do programa -Biodiversidade\" srcset=\"https:\/\/gmnzdigital.com.br\/amazonface\/wp-content\/uploads\/2023\/11\/Biodiversidade.jpg 1536w, https:\/\/gmnzdigital.com.br\/amazonface\/wp-content\/uploads\/2023\/11\/Biodiversidade-300x200.jpg 300w, https:\/\/gmnzdigital.com.br\/amazonface\/wp-content\/uploads\/2023\/11\/Biodiversidade-1024x683.jpg 1024w, https:\/\/gmnzdigital.com.br\/amazonface\/wp-content\/uploads\/2023\/11\/Biodiversidade-768x512.jpg 768w, https:\/\/gmnzdigital.com.br\/amazonface\/wp-content\/uploads\/2023\/11\/Biodiversidade-600x400.jpg 600w\" sizes=\"(max-width: 1536px) 100vw, 1536px\" loading=\"eager\" \/><\/div>\t\t\t\t<\/div>\n\t\t\t\t<\/div>\n\t\t\t\t<div class=\"elementor-element elementor-element-5cf8f8a elementor-widget elementor-widget-text-editor\" data-id=\"5cf8f8a\" data-element_type=\"widget\" data-widget_type=\"text-editor.default\">\n\t\t\t\t<div class=\"elementor-widget-container\">\n\t\t\t\t\t\t\t\t\tSendo o primeiro FACE em um ecossistema hiperdiverso, \u00e9 de suma import\u00e2ncia entender como a resposta ao CO2 elevado varia para cada esp\u00e9cie ou tipo funcional de planta tropical\t\t\t\t\t\t\t\t<\/div>\n\t\t\t\t<\/div>\n\t\t\t\t\t<\/div>\n\t\t\t\t<\/div>\n\t\t\t\t<\/div>\n\t\t<\/div><div class=\"jet-listing-grid__item jet-listing-dynamic-post-5 jet-equal-columns\" data-post-id=\"5\"  >\t\t<div data-elementor-type=\"jet-listing-items\" data-elementor-id=\"1229\" class=\"elementor elementor-1229\" data-elementor-post-type=\"jet-engine\">\n\t\t\t\t<div class=\"elementor-element elementor-element-0e8a30f e-flex e-con-boxed e-con e-parent\" data-id=\"0e8a30f\" data-element_type=\"container\" data-settings=\"{&quot;background_background&quot;:&quot;classic&quot;}\">\n\t\t\t\t\t<div class=\"e-con-inner\">\n\t\t\t\t<div class=\"elementor-element elementor-element-e860085 elementor-widget elementor-widget-jet-listing-dynamic-field\" data-id=\"e860085\" data-element_type=\"widget\" data-widget_type=\"jet-listing-dynamic-field.default\">\n\t\t\t\t<div class=\"elementor-widget-container\">\n\t\t\t\t\t<div class=\"jet-listing jet-listing-dynamic-field display-inline\"><div class=\"jet-listing-dynamic-field__inline-wrap\"><div class=\"jet-listing-dynamic-field__content\">Socioambiental<\/div><\/div><\/div>\t\t\t\t<\/div>\n\t\t\t\t<\/div>\n\t\t\t\t<div class=\"elementor-element elementor-element-e47ea82 elementor-widget elementor-widget-jet-listing-dynamic-image\" data-id=\"e47ea82\" data-element_type=\"widget\" data-widget_type=\"jet-listing-dynamic-image.default\">\n\t\t\t\t<div class=\"elementor-widget-container\">\n\t\t\t\t\t<div class=\"jet-listing jet-listing-dynamic-image\" ><img decoding=\"async\" width=\"1536\" height=\"1024\" src=\"https:\/\/gmnzdigital.com.br\/amazonface\/wp-content\/uploads\/2023\/11\/Impactos-Socioeconomicos.jpg\" class=\"jet-listing-dynamic-image__img attachment-full size-full\" alt=\"Impactos Socioeconomicos\" srcset=\"https:\/\/gmnzdigital.com.br\/amazonface\/wp-content\/uploads\/2023\/11\/Impactos-Socioeconomicos.jpg 1536w, https:\/\/gmnzdigital.com.br\/amazonface\/wp-content\/uploads\/2023\/11\/Impactos-Socioeconomicos-300x200.jpg 300w, https:\/\/gmnzdigital.com.br\/amazonface\/wp-content\/uploads\/2023\/11\/Impactos-Socioeconomicos-1024x683.jpg 1024w, https:\/\/gmnzdigital.com.br\/amazonface\/wp-content\/uploads\/2023\/11\/Impactos-Socioeconomicos-768x512.jpg 768w, https:\/\/gmnzdigital.com.br\/amazonface\/wp-content\/uploads\/2023\/11\/Impactos-Socioeconomicos-600x400.jpg 600w\" sizes=\"(max-width: 1536px) 100vw, 1536px\" loading=\"eager\" \/><\/div>\t\t\t\t<\/div>\n\t\t\t\t<\/div>\n\t\t\t\t<div class=\"elementor-element elementor-element-5cf8f8a elementor-widget elementor-widget-text-editor\" data-id=\"5cf8f8a\" data-element_type=\"widget\" data-widget_type=\"text-editor.default\">\n\t\t\t\t<div class=\"elementor-widget-container\">\n\t\t\t\t\t\t\t\t\tO aumento de CO2 atmosf\u00e9rico e mudan\u00e7as clim\u00e1ticas podem impactar a provis\u00e3o de servi\u00e7os ecossist\u00eamicos pela floresta para popula\u00e7\u00f5es da regi\u00e3o Amaz\u00f4nica e do mundo.\t\t\t\t\t\t\t\t<\/div>\n\t\t\t\t<\/div>\n\t\t\t\t\t<\/div>\n\t\t\t\t<\/div>\n\t\t\t\t<\/div>\n\t\t<\/div><div class=\"jet-listing-grid__item jet-listing-dynamic-post-6 jet-equal-columns\" data-post-id=\"6\"  >\t\t<div data-elementor-type=\"jet-listing-items\" data-elementor-id=\"1229\" class=\"elementor elementor-1229\" data-elementor-post-type=\"jet-engine\">\n\t\t\t\t<div class=\"elementor-element elementor-element-0e8a30f e-flex e-con-boxed e-con e-parent\" data-id=\"0e8a30f\" data-element_type=\"container\" data-settings=\"{&quot;background_background&quot;:&quot;classic&quot;}\">\n\t\t\t\t\t<div class=\"e-con-inner\">\n\t\t\t\t<div class=\"elementor-element elementor-element-e860085 elementor-widget elementor-widget-jet-listing-dynamic-field\" data-id=\"e860085\" data-element_type=\"widget\" data-widget_type=\"jet-listing-dynamic-field.default\">\n\t\t\t\t<div class=\"elementor-widget-container\">\n\t\t\t\t\t<div class=\"jet-listing jet-listing-dynamic-field display-inline\"><div class=\"jet-listing-dynamic-field__inline-wrap\"><div class=\"jet-listing-dynamic-field__content\">Integra\u00e7\u00e3o Experimento Modelagem<\/div><\/div><\/div>\t\t\t\t<\/div>\n\t\t\t\t<\/div>\n\t\t\t\t<div class=\"elementor-element elementor-element-e47ea82 elementor-widget elementor-widget-jet-listing-dynamic-image\" data-id=\"e47ea82\" data-element_type=\"widget\" data-widget_type=\"jet-listing-dynamic-image.default\">\n\t\t\t\t<div class=\"elementor-widget-container\">\n\t\t\t\t\t<div class=\"jet-listing jet-listing-dynamic-image\" ><img decoding=\"async\" width=\"1536\" height=\"1024\" src=\"https:\/\/gmnzdigital.com.br\/amazonface\/wp-content\/uploads\/2023\/11\/integracao-experiemnto-modelagem.jpg\" class=\"jet-listing-dynamic-image__img attachment-full size-full\" alt=\"Componentes do programa -\" srcset=\"https:\/\/gmnzdigital.com.br\/amazonface\/wp-content\/uploads\/2023\/11\/integracao-experiemnto-modelagem.jpg 1536w, https:\/\/gmnzdigital.com.br\/amazonface\/wp-content\/uploads\/2023\/11\/integracao-experiemnto-modelagem-300x200.jpg 300w, https:\/\/gmnzdigital.com.br\/amazonface\/wp-content\/uploads\/2023\/11\/integracao-experiemnto-modelagem-1024x683.jpg 1024w, https:\/\/gmnzdigital.com.br\/amazonface\/wp-content\/uploads\/2023\/11\/integracao-experiemnto-modelagem-768x512.jpg 768w, https:\/\/gmnzdigital.com.br\/amazonface\/wp-content\/uploads\/2023\/11\/integracao-experiemnto-modelagem-600x400.jpg 600w\" sizes=\"(max-width: 1536px) 100vw, 1536px\" loading=\"eager\" \/><\/div>\t\t\t\t<\/div>\n\t\t\t\t<\/div>\n\t\t\t\t<div class=\"elementor-element elementor-element-5cf8f8a elementor-widget elementor-widget-text-editor\" data-id=\"5cf8f8a\" data-element_type=\"widget\" data-widget_type=\"text-editor.default\">\n\t\t\t\t<div class=\"elementor-widget-container\">\n\t\t\t\t\t\t\t\t\tFazer uso de modelos computacionais de vegeta\u00e7\u00e3o desde o in\u00edcio do experimento para formula\u00e7\u00e3o de hip\u00f3teses e tamb\u00e9m utilizar os dados de campo para melhor parametrizar e avaliar proje\u00e7\u00f5es oriundas desses modelos.\t\t\t\t\t\t\t\t<\/div>\n\t\t\t\t<\/div>\n\t\t\t\t\t<\/div>\n\t\t\t\t<\/div>\n\t\t\t\t<\/div>\n\t\t<\/div><\/div><\/div>\t\t\t\t<\/div>\n\t\t\t\t<\/div>\n\t\t\t\t\t<\/div>\n\t\t\t\t<\/div>\n\t\t\t\t<\/div>\n\t\t","protected":false},"excerpt":{"rendered":"<p>Como o aumento do CO2 atmosf\u00e9rico afeta a Amaz\u00f4nia, a biodiversidade que ela abriga e os servi\u00e7os ambientais que ela prov\u00ea? Ao reconhecer que o aumento da concentra\u00e7\u00e3o de di\u00f3xido de carbono (CO2) na atmosfera provavelmente alterar\u00e1 a resposta da floresta \u00e0s mudan\u00e7as clim\u00e1ticas, estamos iniciando um experimento de alcance sem precedentes que ir\u00e1 expor [&hellip;]<\/p>\n","protected":false},"author":1,"featured_media":0,"parent":0,"menu_order":0,"comment_status":"closed","ping_status":"closed","template":"","meta":{"footnotes":""},"class_list":["post-24","page","type-page","status-publish","hentry"],"_links":{"self":[{"href":"https:\/\/gmnzdigital.com.br\/amazonface\/wp-json\/wp\/v2\/pages\/24","targetHints":{"allow":["GET"]}}],"collection":[{"href":"https:\/\/gmnzdigital.com.br\/amazonface\/wp-json\/wp\/v2\/pages"}],"about":[{"href":"https:\/\/gmnzdigital.com.br\/amazonface\/wp-json\/wp\/v2\/types\/page"}],"author":[{"embeddable":true,"href":"https:\/\/gmnzdigital.com.br\/amazonface\/wp-json\/wp\/v2\/users\/1"}],"replies":[{"embeddable":true,"href":"https:\/\/gmnzdigital.com.br\/amazonface\/wp-json\/wp\/v2\/comments?post=24"}],"version-history":[{"count":49,"href":"https:\/\/gmnzdigital.com.br\/amazonface\/wp-json\/wp\/v2\/pages\/24\/revisions"}],"predecessor-version":[{"id":1248,"href":"https:\/\/gmnzdigital.com.br\/amazonface\/wp-json\/wp\/v2\/pages\/24\/revisions\/1248"}],"wp:attachment":[{"href":"https:\/\/gmnzdigital.com.br\/amazonface\/wp-json\/wp\/v2\/media?parent=24"}],"curies":[{"name":"wp","href":"https:\/\/api.w.org\/{rel}","templated":true}]}}