{"id":27,"date":"2023-11-11T05:25:21","date_gmt":"2023-11-11T05:25:21","guid":{"rendered":"https:\/\/gmnzdigital.com.br\/amazonface\/?page_id=27"},"modified":"2023-11-30T04:44:26","modified_gmt":"2023-11-30T04:44:26","slug":"camaras-de-topo-aberto","status":"publish","type":"page","link":"https:\/\/gmnzdigital.com.br\/amazonface\/camaras-de-topo-aberto\/","title":{"rendered":"C\u00e2maras de Topo Aberto"},"content":{"rendered":"\t\t<div data-elementor-type=\"wp-page\" data-elementor-id=\"27\" class=\"elementor elementor-27\" data-elementor-post-type=\"page\">\n\t\t\t\t<div class=\"elementor-element elementor-element-7b3a537 identifica e-flex e-con-boxed e-con e-parent\" data-id=\"7b3a537\" data-element_type=\"container\" data-settings=\"{&quot;background_background&quot;:&quot;classic&quot;,&quot;shape_divider_bottom&quot;:&quot;opacity-tilt&quot;}\">\n\t\t\t\t\t<div class=\"e-con-inner\">\n\t\t\t\t<div class=\"elementor-shape elementor-shape-bottom\" aria-hidden=\"true\" data-negative=\"false\">\n\t\t\t<svg xmlns=\"http:\/\/www.w3.org\/2000\/svg\" viewBox=\"0 0 2600 131.1\" preserveAspectRatio=\"none\">\n\t<path class=\"elementor-shape-fill\" d=\"M0 0L2600 0 2600 69.1 0 0z\"\/>\n\t<path class=\"elementor-shape-fill\" style=\"opacity:0.5\" d=\"M0 0L2600 0 2600 69.1 0 69.1z\"\/>\n\t<path class=\"elementor-shape-fill\" style=\"opacity:0.25\" d=\"M2600 0L0 0 0 130.1 2600 69.1z\"\/>\n<\/svg>\t\t<\/div>\n\t\t\t\t\t<\/div>\n\t\t\t\t<\/div>\n\t\t<div class=\"elementor-element elementor-element-d7f153b e-flex e-con-boxed e-con e-parent\" data-id=\"d7f153b\" data-element_type=\"container\" data-settings=\"{&quot;background_background&quot;:&quot;classic&quot;}\">\n\t\t\t\t\t<div class=\"e-con-inner\">\n\t\t\t\t<div class=\"elementor-element elementor-element-e8a9552 elementor-widget elementor-widget-heading\" data-id=\"e8a9552\" data-element_type=\"widget\" data-widget_type=\"heading.default\">\n\t\t\t\t<div class=\"elementor-widget-container\">\n\t\t\t\t\t<h1 class=\"elementor-heading-title elementor-size-default\">C\u00e2maras de Topo Aberto<\/h1>\t\t\t\t<\/div>\n\t\t\t\t<\/div>\n\t\t\t\t<div class=\"elementor-element elementor-element-dc40ddc elementor-widget elementor-widget-heading\" data-id=\"dc40ddc\" data-element_type=\"widget\" data-widget_type=\"heading.default\">\n\t\t\t\t<div class=\"elementor-widget-container\">\n\t\t\t\t\t<h2 class=\"elementor-heading-title elementor-size-default\">Voltadas \u00e0 estudos espec\u00edficos envolvendo a fertiliza\u00e7\u00e3o por CO2.<\/h2>\t\t\t\t<\/div>\n\t\t\t\t<\/div>\n\t\t\t\t\t<\/div>\n\t\t\t\t<\/div>\n\t\t<div class=\"elementor-element elementor-element-2380f79 e-flex e-con-boxed e-con e-parent\" data-id=\"2380f79\" data-element_type=\"container\">\n\t\t\t\t\t<div class=\"e-con-inner\">\n\t\t<div class=\"elementor-element elementor-element-21461a0 e-con-full e-flex e-con e-child\" data-id=\"21461a0\" data-element_type=\"container\">\n\t\t\t\t<div class=\"elementor-element elementor-element-24848aa elementor-widget elementor-widget-jet-listing-dynamic-field\" data-id=\"24848aa\" data-element_type=\"widget\" data-widget_type=\"jet-listing-dynamic-field.default\">\n\t\t\t\t<div class=\"elementor-widget-container\">\n\t\t\t\t\t<div class=\"jet-listing jet-listing-dynamic-field display-inline\"><div class=\"jet-listing-dynamic-field__inline-wrap\"><div class=\"jet-listing-dynamic-field__content\"><p>Em 2019 foram instaladas seis c\u00e2maras de topo aberto (Open-Top Chambers, OTCs) em uma \u00e1rea pr\u00f3xima (~100m dist\u00e2ncia) \u00e0 dos an\u00e9is FACE do AmazonFACE. Essas OTCs s\u00e3o voltadas \u00e0 estudos espec\u00edficos envolvendo a fertiliza\u00e7\u00e3o por CO\u2082 e fertiliza\u00e7\u00e3o por nutrientes do solo no sub-bosque da floresta.<\/p>\n<p>A concentra\u00e7\u00e3o atmosf\u00e9rica de CO\u2082 dentro das OTCs \u00e9 mantida em um n\u00edvel 50% superior \u00e0 encontrada usualmente no sub-bosque da floresta, como pretendido tamb\u00e9m para o experimento AmazonFACE. Cada OTC tem 2.5m de di\u00e2metro e 3m de altura, comportando ent\u00e3o pl\u00e2ntulas e arvoretas de no m\u00e1ximo 3m de altura. Essas pl\u00e2ntulas e arvoretas, de diferentes esp\u00e9cies, j\u00e1 ocorriam naturalmente no sub-bosque florestal, sendo que as OTCs foram implementadas ao redor delas, sem destru\u00ed-las.<\/p>\n<\/div><\/div><\/div>\t\t\t\t<\/div>\n\t\t\t\t<\/div>\n\t\t\t\t<\/div>\n\t\t<div class=\"elementor-element elementor-element-2baf7c5 e-con-full e-flex e-con e-child\" data-id=\"2baf7c5\" data-element_type=\"container\">\n\t\t\t\t<div class=\"elementor-element elementor-element-e749eb7 elementor-widget elementor-widget-jet-listing-dynamic-image\" data-id=\"e749eb7\" data-element_type=\"widget\" data-widget_type=\"jet-listing-dynamic-image.default\">\n\t\t\t\t<div class=\"elementor-widget-container\">\n\t\t\t\t\t<div class=\"jet-listing jet-listing-dynamic-image\" ><a href=\"https:\/\/gmnzdigital.com.br\/amazonface\/wp-content\/uploads\/2023\/11\/Camaras-de-topo-aberto1.jpg\" class=\"jet-listing-dynamic-image__link\" data-elementor-open-lightbox=\"yes\"><img fetchpriority=\"high\" decoding=\"async\" width=\"1000\" height=\"667\" src=\"https:\/\/gmnzdigital.com.br\/amazonface\/wp-content\/uploads\/2023\/11\/Camaras-de-topo-aberto1.jpg\" class=\"jet-listing-dynamic-image__img attachment-full size-full\" alt=\"Camaras-de-topo-aberto1\" srcset=\"https:\/\/gmnzdigital.com.br\/amazonface\/wp-content\/uploads\/2023\/11\/Camaras-de-topo-aberto1.jpg 1000w, https:\/\/gmnzdigital.com.br\/amazonface\/wp-content\/uploads\/2023\/11\/Camaras-de-topo-aberto1-300x200.jpg 300w, https:\/\/gmnzdigital.com.br\/amazonface\/wp-content\/uploads\/2023\/11\/Camaras-de-topo-aberto1-768x512.jpg 768w, https:\/\/gmnzdigital.com.br\/amazonface\/wp-content\/uploads\/2023\/11\/Camaras-de-topo-aberto1-600x400.jpg 600w\" sizes=\"(max-width: 1000px) 100vw, 1000px\" loading=\"eager\" \/><\/a><\/div>\t\t\t\t<\/div>\n\t\t\t\t<\/div>\n\t\t\t\t<\/div>\n\t\t\t\t\t<\/div>\n\t\t\t\t<\/div>\n\t\t<div class=\"elementor-element elementor-element-d125d00 e-flex e-con-boxed e-con e-parent\" data-id=\"d125d00\" data-element_type=\"container\">\n\t\t\t\t\t<div class=\"e-con-inner\">\n\t\t<div class=\"elementor-element elementor-element-fed1b6c e-con-full e-flex e-con e-child\" data-id=\"fed1b6c\" data-element_type=\"container\">\n\t\t\t\t<div class=\"elementor-element elementor-element-02a8675 elementor-widget elementor-widget-jet-listing-dynamic-image\" data-id=\"02a8675\" data-element_type=\"widget\" data-widget_type=\"jet-listing-dynamic-image.default\">\n\t\t\t\t<div class=\"elementor-widget-container\">\n\t\t\t\t\t<div class=\"jet-listing jet-listing-dynamic-image\" ><a href=\"https:\/\/gmnzdigital.com.br\/amazonface\/wp-content\/uploads\/2023\/11\/Camaras-de-topo-aberto2.jpg\" class=\"jet-listing-dynamic-image__link\" data-elementor-open-lightbox=\"yes\"><img decoding=\"async\" width=\"1000\" height=\"562\" src=\"https:\/\/gmnzdigital.com.br\/amazonface\/wp-content\/uploads\/2023\/11\/Camaras-de-topo-aberto2.jpg\" class=\"jet-listing-dynamic-image__img attachment-full size-full\" alt=\"Camaras-de-topo-aberto2\" srcset=\"https:\/\/gmnzdigital.com.br\/amazonface\/wp-content\/uploads\/2023\/11\/Camaras-de-topo-aberto2.jpg 1000w, https:\/\/gmnzdigital.com.br\/amazonface\/wp-content\/uploads\/2023\/11\/Camaras-de-topo-aberto2-300x169.jpg 300w, https:\/\/gmnzdigital.com.br\/amazonface\/wp-content\/uploads\/2023\/11\/Camaras-de-topo-aberto2-768x432.jpg 768w, https:\/\/gmnzdigital.com.br\/amazonface\/wp-content\/uploads\/2023\/11\/Camaras-de-topo-aberto2-150x85.jpg 150w, https:\/\/gmnzdigital.com.br\/amazonface\/wp-content\/uploads\/2023\/11\/Camaras-de-topo-aberto2-600x337.jpg 600w\" sizes=\"(max-width: 1000px) 100vw, 1000px\" loading=\"eager\" \/><\/a><\/div>\t\t\t\t<\/div>\n\t\t\t\t<\/div>\n\t\t\t\t<\/div>\n\t\t<div class=\"elementor-element elementor-element-3934f03 e-con-full e-flex e-con e-child\" data-id=\"3934f03\" data-element_type=\"container\">\n\t\t\t\t<div class=\"elementor-element elementor-element-45f6e95 elementor-widget elementor-widget-jet-listing-dynamic-field\" data-id=\"45f6e95\" data-element_type=\"widget\" data-widget_type=\"jet-listing-dynamic-field.default\">\n\t\t\t\t<div class=\"elementor-widget-container\">\n\t\t\t\t\t<div class=\"jet-listing jet-listing-dynamic-field display-inline\"><div class=\"jet-listing-dynamic-field__inline-wrap\"><div class=\"jet-listing-dynamic-field__content\"><p>Ainda, cada OTC tem ao redor de si uma trincheira circular de 0.5m de profundidade e 0.45cm de largura, revestida com pl\u00e1stico, para evitar o crescimento de ra\u00edzes para fora da OTC e fluxos de \u00e1gua de nutrientes entre o solo dentro e fora das OTCs.<\/p>\n<p>Est\u00e3o instaladas oito OTCs, sendo quatro delas com CO\u2082 elevado e quatro delas aspergidas apenas com ar ambiente, sem eleva\u00e7\u00e3o de CO\u2082. Ainda, s\u00e3o acompanhadas quatro \u00e1reas de tamanho similar \u00e0 OTCs, que se configuram como \u201ccontrole dos controles\u201d, isto \u00e9, servem \u00e0 verifica\u00e7\u00e3o do efeito da estrutura das OTCs sobre o funcionamento dessas plantas e arvoretas de sub-bosque.<\/p>\n<p>Resultados oriundos das OTCs podem ser vistos em Publica\u00e7\u00f5es.<\/p>\n<\/div><\/div><\/div>\t\t\t\t<\/div>\n\t\t\t\t<\/div>\n\t\t\t\t<\/div>\n\t\t\t\t\t<\/div>\n\t\t\t\t<\/div>\n\t\t\t\t<\/div>\n\t\t","protected":false},"excerpt":{"rendered":"<p>Em 2019 foram instaladas seis c\u00e2maras de topo aberto (Open-Top Chambers, OTCs) em uma \u00e1rea pr\u00f3xima (~100m dist\u00e2ncia) \u00e0 dos an\u00e9is FACE do AmazonFACE. Essas OTCs s\u00e3o voltadas \u00e0 estudos espec\u00edficos envolvendo a fertiliza\u00e7\u00e3o por CO2 e fertiliza\u00e7\u00e3o por nutrientes do solo no sub-bosque da floresta. A concentra\u00e7\u00e3o atmosf\u00e9rica de CO2 dentro das OTCs \u00e9 [&hellip;]<\/p>\n","protected":false},"author":1,"featured_media":0,"parent":0,"menu_order":0,"comment_status":"closed","ping_status":"closed","template":"","meta":{"footnotes":""},"class_list":["post-27","page","type-page","status-publish","hentry"],"_links":{"self":[{"href":"https:\/\/gmnzdigital.com.br\/amazonface\/wp-json\/wp\/v2\/pages\/27","targetHints":{"allow":["GET"]}}],"collection":[{"href":"https:\/\/gmnzdigital.com.br\/amazonface\/wp-json\/wp\/v2\/pages"}],"about":[{"href":"https:\/\/gmnzdigital.com.br\/amazonface\/wp-json\/wp\/v2\/types\/page"}],"author":[{"embeddable":true,"href":"https:\/\/gmnzdigital.com.br\/amazonface\/wp-json\/wp\/v2\/users\/1"}],"replies":[{"embeddable":true,"href":"https:\/\/gmnzdigital.com.br\/amazonface\/wp-json\/wp\/v2\/comments?post=27"}],"version-history":[{"count":16,"href":"https:\/\/gmnzdigital.com.br\/amazonface\/wp-json\/wp\/v2\/pages\/27\/revisions"}],"predecessor-version":[{"id":1636,"href":"https:\/\/gmnzdigital.com.br\/amazonface\/wp-json\/wp\/v2\/pages\/27\/revisions\/1636"}],"wp:attachment":[{"href":"https:\/\/gmnzdigital.com.br\/amazonface\/wp-json\/wp\/v2\/media?parent=27"}],"curies":[{"name":"wp","href":"https:\/\/api.w.org\/{rel}","templated":true}]}}