{"id":47,"date":"2023-11-11T05:29:11","date_gmt":"2023-11-11T05:29:11","guid":{"rendered":"https:\/\/gmnzdigital.com.br\/amazonface\/?page_id=47"},"modified":"2025-11-07T18:43:23","modified_gmt":"2025-11-07T18:43:23","slug":"dados","status":"publish","type":"page","link":"https:\/\/gmnzdigital.com.br\/amazonface\/dados\/","title":{"rendered":"Dados"},"content":{"rendered":"\t\t<div data-elementor-type=\"wp-page\" data-elementor-id=\"47\" class=\"elementor elementor-47\" data-elementor-post-type=\"page\">\n\t\t\t\t<div class=\"elementor-element elementor-element-9ab3e57 identifica e-flex e-con-boxed e-con e-parent\" data-id=\"9ab3e57\" data-element_type=\"container\" data-settings=\"{&quot;background_background&quot;:&quot;classic&quot;,&quot;shape_divider_bottom&quot;:&quot;opacity-tilt&quot;}\">\n\t\t\t\t\t<div class=\"e-con-inner\">\n\t\t\t\t<div class=\"elementor-shape elementor-shape-bottom\" aria-hidden=\"true\" data-negative=\"false\">\n\t\t\t<svg xmlns=\"http:\/\/www.w3.org\/2000\/svg\" viewBox=\"0 0 2600 131.1\" preserveAspectRatio=\"none\">\n\t<path class=\"elementor-shape-fill\" d=\"M0 0L2600 0 2600 69.1 0 0z\"\/>\n\t<path class=\"elementor-shape-fill\" style=\"opacity:0.5\" d=\"M0 0L2600 0 2600 69.1 0 69.1z\"\/>\n\t<path class=\"elementor-shape-fill\" style=\"opacity:0.25\" d=\"M2600 0L0 0 0 130.1 2600 69.1z\"\/>\n<\/svg>\t\t<\/div>\n\t\t\t\t\t<\/div>\n\t\t\t\t<\/div>\n\t\t<div class=\"elementor-element elementor-element-cbd8f83 e-flex e-con-boxed e-con e-parent\" data-id=\"cbd8f83\" data-element_type=\"container\" data-settings=\"{&quot;background_background&quot;:&quot;classic&quot;}\">\n\t\t\t\t\t<div class=\"e-con-inner\">\n\t\t\t\t<div class=\"elementor-element elementor-element-2a4ddf2 elementor-widget elementor-widget-heading\" data-id=\"2a4ddf2\" data-element_type=\"widget\" data-widget_type=\"heading.default\">\n\t\t\t\t<div class=\"elementor-widget-container\">\n\t\t\t\t\t<h1 class=\"elementor-heading-title elementor-size-default\">Datamap<\/h1>\t\t\t\t<\/div>\n\t\t\t\t<\/div>\n\t\t\t\t<div class=\"elementor-element elementor-element-761ccb2 elementor-widget elementor-widget-heading\" data-id=\"761ccb2\" data-element_type=\"widget\" data-widget_type=\"heading.default\">\n\t\t\t\t<div class=\"elementor-widget-container\">\n\t\t\t\t\t<h2 class=\"elementor-heading-title elementor-size-default\">Reposit\u00f3rio de dados \"Datamap\" AmazonFACE<\/h2>\t\t\t\t<\/div>\n\t\t\t\t<\/div>\n\t\t\t\t\t<\/div>\n\t\t\t\t<\/div>\n\t\t<div class=\"elementor-element elementor-element-9fe827b e-flex e-con-boxed e-con e-parent\" data-id=\"9fe827b\" data-element_type=\"container\">\n\t\t\t\t\t<div class=\"e-con-inner\">\n\t\t\t\t<div class=\"elementor-element elementor-element-ae4ac04 elementor-widget elementor-widget-jet-listing-dynamic-field\" data-id=\"ae4ac04\" data-element_type=\"widget\" data-widget_type=\"jet-listing-dynamic-field.default\">\n\t\t\t\t<div class=\"elementor-widget-container\">\n\t\t\t\t\t<div class=\"jet-listing jet-listing-dynamic-field display-inline\"><div class=\"jet-listing-dynamic-field__inline-wrap\"><div class=\"jet-listing-dynamic-field__content\"><p>No AmazonFACE, seguimos uma pol\u00edtica de ci\u00eancia aberta, disponibilizando publicamente todos os nossos dados de pesquisa por meio do DataMap. Qualquer pessoa pode acessar, explorar e utilizar os datasets produzidos pelo projeto, que incluem informa\u00e7\u00f5es sobre clima, vegeta\u00e7\u00e3o e funcionamento da floresta amaz\u00f4nica.<\/p>\n<p>Todos os dados s\u00e3o publicados com metadados completos, identificadores DOI e refer\u00eancias no formato acad\u00eamico, assegurando transpar\u00eancia, rastreabilidade e cita\u00e7\u00e3o padronizada. Assim, promovemos a transpar\u00eancia cient\u00edfica e o uso respons\u00e1vel dos dados para ampliar o conhecimento sobre a Amaz\u00f4nia e as mudan\u00e7as\u00a0clim\u00e1ticas.<\/p>\n<\/div><\/div><\/div>\t\t\t\t<\/div>\n\t\t\t\t<\/div>\n\t\t\t\t\t<\/div>\n\t\t\t\t<\/div>\n\t\t\t\t<\/div>\n\t\t","protected":false},"excerpt":{"rendered":"<p>Lorem ipsum dolor sit amet, consectetur adipiscing elit. Proin sed neque nisi. Proin at eros commodo, sagittis magna vel, molestie urna. Mauris fermentum metus vitae ipsum tristique, in placerat ante finibus. Pellentesque pellentesque, ligula et imperdiet pulvinar, orci leo scelerisque lectus, eget fermentum velit nisl non odio. Aenean pulvinar eget turpis consectetur mattis. Maecenas at [&hellip;]<\/p>\n","protected":false},"author":1,"featured_media":0,"parent":0,"menu_order":0,"comment_status":"closed","ping_status":"closed","template":"","meta":{"footnotes":""},"class_list":["post-47","page","type-page","status-publish","hentry"],"_links":{"self":[{"href":"https:\/\/gmnzdigital.com.br\/amazonface\/wp-json\/wp\/v2\/pages\/47","targetHints":{"allow":["GET"]}}],"collection":[{"href":"https:\/\/gmnzdigital.com.br\/amazonface\/wp-json\/wp\/v2\/pages"}],"about":[{"href":"https:\/\/gmnzdigital.com.br\/amazonface\/wp-json\/wp\/v2\/types\/page"}],"author":[{"embeddable":true,"href":"https:\/\/gmnzdigital.com.br\/amazonface\/wp-json\/wp\/v2\/users\/1"}],"replies":[{"embeddable":true,"href":"https:\/\/gmnzdigital.com.br\/amazonface\/wp-json\/wp\/v2\/comments?post=47"}],"version-history":[{"count":13,"href":"https:\/\/gmnzdigital.com.br\/amazonface\/wp-json\/wp\/v2\/pages\/47\/revisions"}],"predecessor-version":[{"id":2220,"href":"https:\/\/gmnzdigital.com.br\/amazonface\/wp-json\/wp\/v2\/pages\/47\/revisions\/2220"}],"wp:attachment":[{"href":"https:\/\/gmnzdigital.com.br\/amazonface\/wp-json\/wp\/v2\/media?parent=47"}],"curies":[{"name":"wp","href":"https:\/\/api.w.org\/{rel}","templated":true}]}}